{"id":28,"date":"2017-12-01T14:26:35","date_gmt":"2017-12-01T13:26:35","guid":{"rendered":"https:\/\/www.boesch-dages.de\/?page_id=28"},"modified":"2023-04-03T21:29:23","modified_gmt":"2023-04-03T19:29:23","slug":"impressum","status":"publish","type":"page","link":"https:\/\/www.boesch-dages.de\/index.php\/impressum\/","title":{"rendered":"Impressum"},"content":{"rendered":"<p><strong>Verantwortlich f\u00fcr diese Internetseite ist:<\/strong><\/p>\n<p>B\u00f6sch &amp; Dages<br \/>\nJechtinger Stra\u00dfe 9<br \/>\n79111 Freiburg<\/p>\n<p><b>Tel.:<\/b> 0049 (0)761 &#8211; 479 9680<br \/>\n<b>Fax:<\/b> 0049 (0)761 &#8211; 479 9681<\/p>\n<p>Geroldsauer Stra\u00dfe 98a<br \/>\n76534 Baden-Baden<\/p>\n<p><b>Tel.:<\/b> 0049 (0)7221 &#8211; 393 855<br \/>\n<b>Fax:<\/b> 0049 (0)7221 &#8211; 393 866<\/p>\n<p>E-Mail: info@boesch-dages.de || Internet: www.boesch-dages.de<\/p>\n<p>Sitz: Freiburg im Breisgau || Milena Dages &#8211; Inhaberin<br \/>\nBerufshaftpflichtversicherung: Funkgruppe<br \/>\nZertifizierungsstelle: <a href=\"https:\/\/www.diaconsulting.de\/de\/16\/Zertifizierungsverzeichnis.html\">DIA Zert<\/a> || Umsatz-Steuer ID: DE232453843<br \/>\nInhaltlich verantwortlich: Milena Dages<\/p>\n<p><strong>Konzeption, Design und Realisation<\/strong><\/p>\n<p>Philip Zimmer<br \/>\nM\u00f6hlinstr. 8<br \/>\n79283 Bollschweil<br \/>\nPhone: +49 7633 \u2013 98 00 638<br \/>\nE-Mail: mail@pnzimmer.de<br \/>\nWeb: <a href=\"http:\/\/www.pnzimmer-design.com\" target=\"_blank\" rel=\"noopener\">http:\/\/www.pnzimmer-design.com<\/a><\/p>\n<p>Das unautorisierte Kopieren, Weiterverwenden der Website oder deren Inhalte ist nicht gestattet.<br \/>\nB\u00f6sch &amp; Dages ist nicht verantwortlich f\u00fcr die verlinkten Seiten au\u00dferhalb dieses Online-Auftritts, \u00c4nderungen und Irrt\u00fcmer vorbehalten. Bilder: fotolia + Heidi B\u00f6sch, pixabay, Philip Zimmer (pnzimmer.de)<\/p>","protected":false},"excerpt":{"rendered":"<p>Verantwortlich f\u00fcr diese Internetseite ist: B\u00f6sch &amp; Dages Jechtinger Stra\u00dfe 9 79111 Freiburg Tel.: 0049 (0)761 &#8211; 479 9680 Fax: 0049 (0)761 &#8211; 479 9681 Geroldsauer Stra\u00dfe 98a 76534 Baden-Baden Tel.: 0049 (0)7221 &#8211; 393 855 Fax: 0049 (0)7221 &#8211; 393 866 E-Mail: info@boesch-dages.de || Internet: www.boesch-dages.de Sitz: Freiburg im Breisgau || Milena Dages &#8211;&#8230;<\/p>\n","protected":false},"author":1,"featured_media":0,"parent":0,"menu_order":0,"comment_status":"closed","ping_status":"closed","template":"","meta":{"footnotes":""},"class_list":["post-28","page","type-page","status-publish","hentry"],"_links":{"self":[{"href":"https:\/\/www.boesch-dages.de\/index.php\/wp-json\/wp\/v2\/pages\/28","targetHints":{"allow":["GET"]}}],"collection":[{"href":"https:\/\/www.boesch-dages.de\/index.php\/wp-json\/wp\/v2\/pages"}],"about":[{"href":"https:\/\/www.boesch-dages.de\/index.php\/wp-json\/wp\/v2\/types\/page"}],"author":[{"embeddable":true,"href":"https:\/\/www.boesch-dages.de\/index.php\/wp-json\/wp\/v2\/users\/1"}],"replies":[{"embeddable":true,"href":"https:\/\/www.boesch-dages.de\/index.php\/wp-json\/wp\/v2\/comments?post=28"}],"version-history":[{"count":16,"href":"https:\/\/www.boesch-dages.de\/index.php\/wp-json\/wp\/v2\/pages\/28\/revisions"}],"predecessor-version":[{"id":268,"href":"https:\/\/www.boesch-dages.de\/index.php\/wp-json\/wp\/v2\/pages\/28\/revisions\/268"}],"wp:attachment":[{"href":"https:\/\/www.boesch-dages.de\/index.php\/wp-json\/wp\/v2\/media?parent=28"}],"curies":[{"name":"wp","href":"https:\/\/api.w.org\/{rel}","templated":true}]}}