{"id":18,"date":"2017-12-01T14:24:43","date_gmt":"2017-12-01T13:24:43","guid":{"rendered":"https:\/\/www.boesch-dages.de\/?page_id=18"},"modified":"2023-04-03T21:21:37","modified_gmt":"2023-04-03T19:21:37","slug":"team","status":"publish","type":"page","link":"https:\/\/www.boesch-dages.de\/index.php\/team\/","title":{"rendered":"Team"},"content":{"rendered":"<p>Wir bewerten Ihre Immobilie.<br>Dabei profitieren Sie von unserer Kompetenzb\u00fcndelung.So unterschiedlich und vielf\u00e4ltig wie die Anforderungen unserer Auftraggeber, so spezialisiert und verl\u00e4sslich sind unsere fachlichen Kenntnisse, gest\u00fctzt von vielen Jahren Berufserfahrung und umfangreichen Marktkenntnissen.Wir arbeiten unabh\u00e4ngig und stets mit der erforderlichen Objektivit\u00e4t und der gebotenen Verschwiegenheit.Die hohe Identifikation mit den Zielen unserer Auftraggeber ist die Basis erfolgreicher Bewertungspraxis.Lernen Sie uns n\u00e4her kennen:<\/p>","protected":false},"excerpt":{"rendered":"<p>Wir bewerten Ihre Immobilie.Dabei profitieren Sie von unserer Kompetenzb\u00fcndelung.So unterschiedlich und vielf\u00e4ltig wie die Anforderungen unserer Auftraggeber, so spezialisiert und verl\u00e4sslich sind unsere fachlichen Kenntnisse, gest\u00fctzt von vielen Jahren Berufserfahrung und umfangreichen Marktkenntnissen.Wir arbeiten unabh\u00e4ngig und stets mit der erforderlichen Objektivit\u00e4t und der gebotenen Verschwiegenheit.Die hohe Identifikation mit den Zielen unserer Auftraggeber ist die Basis&#8230;<\/p>\n","protected":false},"author":1,"featured_media":0,"parent":0,"menu_order":0,"comment_status":"closed","ping_status":"closed","template":"","meta":{"footnotes":""},"class_list":["post-18","page","type-page","status-publish","hentry"],"_links":{"self":[{"href":"https:\/\/www.boesch-dages.de\/index.php\/wp-json\/wp\/v2\/pages\/18","targetHints":{"allow":["GET"]}}],"collection":[{"href":"https:\/\/www.boesch-dages.de\/index.php\/wp-json\/wp\/v2\/pages"}],"about":[{"href":"https:\/\/www.boesch-dages.de\/index.php\/wp-json\/wp\/v2\/types\/page"}],"author":[{"embeddable":true,"href":"https:\/\/www.boesch-dages.de\/index.php\/wp-json\/wp\/v2\/users\/1"}],"replies":[{"embeddable":true,"href":"https:\/\/www.boesch-dages.de\/index.php\/wp-json\/wp\/v2\/comments?post=18"}],"version-history":[{"count":6,"href":"https:\/\/www.boesch-dages.de\/index.php\/wp-json\/wp\/v2\/pages\/18\/revisions"}],"predecessor-version":[{"id":243,"href":"https:\/\/www.boesch-dages.de\/index.php\/wp-json\/wp\/v2\/pages\/18\/revisions\/243"}],"wp:attachment":[{"href":"https:\/\/www.boesch-dages.de\/index.php\/wp-json\/wp\/v2\/media?parent=18"}],"curies":[{"name":"wp","href":"https:\/\/api.w.org\/{rel}","templated":true}]}}