{"id":12,"date":"2017-12-01T14:23:24","date_gmt":"2017-12-01T13:23:24","guid":{"rendered":"https:\/\/www.boesch-dages.de\/?page_id=12"},"modified":"2023-04-03T21:30:34","modified_gmt":"2023-04-03T19:30:34","slug":"gutachten","status":"publish","type":"page","link":"https:\/\/www.boesch-dages.de\/index.php\/immobilienbewertung\/gutachten\/","title":{"rendered":"Immobilienbewertung"},"content":{"rendered":"<p>Unser Leistungsangebot basiert auf langj\u00e4hriger Praxiserfahrung und umfasst zwei Angebote der Immobilienbewertung. Abgestimmt auf Ihren individuellen Bedarf unterscheiden wir in <strong>Verkehrswertgutachten<\/strong> und <strong>Verkehrswertermittlung<\/strong>.<\/p>\n<h2>Verkehrswertgutachten<\/h2>\n<p>Wir erstellen Verkehrswert-\/Marktwertgutachten und Beleihungswertgutachten. Diese Gutachten sind sehr umfangreich und ausf\u00fchrlich. Sie enthalten u.a. Recherchen zum Baurecht, Baulasten, Altlasten, Entwicklungsm\u00f6glichkeiten, Instandsetzungs- und Modernisierungsbedarf sowie zu Miet- und Pachtans\u00e4tzen. Alle Wertermittlungsans\u00e4tze sind dezidiert erl\u00e4utert und durch Fotos und Pl\u00e4ne transparent gemacht. Die Ergebnisse der Verkehrswertermittlung werden umfangreich dargelegt und sind somit f\u00fcr den Leser in hohem Ma\u00dfe nachvollziehbar. Solche Gutachten ben\u00f6tigen Sie bei gerichtlichen Auseinandersetzungen, f\u00fcr beh\u00f6rdliche Zwecke (z.B. zur Vorlage beim Finanzamt) und wenn eine genaue Dokumentation des Bewertungsobjektes erforderlich ist.<\/p>\n<h2>Verkehrswertermittlung<\/h2>\n<p>Dies ist eine komprimierte Form der Bewertung. Sie verzichtet auf detaillierte Beschreibungen der Wertermittlungsans\u00e4tze, enth\u00e4lt jedoch gleichfalls umfangreiche Recherchen und selbstverst\u00e4ndlich auch alle wesentlichen Ergebnisse der Wertermittlung. Sie ist jedoch f\u00fcr den Laien weniger nachvollziehbar.<\/p>","protected":false},"excerpt":{"rendered":"<p>Unser Leistungsangebot basiert auf langj\u00e4hriger Praxiserfahrung und umfasst zwei Angebote der Immobilienbewertung. Abgestimmt auf Ihren individuellen Bedarf unterscheiden wir in Verkehrswertgutachten und Verkehrswertermittlung. Verkehrswertgutachten Wir erstellen Verkehrswert-\/Marktwertgutachten und Beleihungswertgutachten. Diese Gutachten sind sehr umfangreich und ausf\u00fchrlich. Sie enthalten u.a. Recherchen zum Baurecht, Baulasten, Altlasten, Entwicklungsm\u00f6glichkeiten, Instandsetzungs- und Modernisierungsbedarf sowie zu Miet- und Pachtans\u00e4tzen. Alle Wertermittlungsans\u00e4tze&#8230;<\/p>\n","protected":false},"author":1,"featured_media":0,"parent":8,"menu_order":0,"comment_status":"closed","ping_status":"closed","template":"","meta":{"footnotes":""},"class_list":["post-12","page","type-page","status-publish","hentry"],"_links":{"self":[{"href":"https:\/\/www.boesch-dages.de\/index.php\/wp-json\/wp\/v2\/pages\/12","targetHints":{"allow":["GET"]}}],"collection":[{"href":"https:\/\/www.boesch-dages.de\/index.php\/wp-json\/wp\/v2\/pages"}],"about":[{"href":"https:\/\/www.boesch-dages.de\/index.php\/wp-json\/wp\/v2\/types\/page"}],"author":[{"embeddable":true,"href":"https:\/\/www.boesch-dages.de\/index.php\/wp-json\/wp\/v2\/users\/1"}],"replies":[{"embeddable":true,"href":"https:\/\/www.boesch-dages.de\/index.php\/wp-json\/wp\/v2\/comments?post=12"}],"version-history":[{"count":6,"href":"https:\/\/www.boesch-dages.de\/index.php\/wp-json\/wp\/v2\/pages\/12\/revisions"}],"predecessor-version":[{"id":123,"href":"https:\/\/www.boesch-dages.de\/index.php\/wp-json\/wp\/v2\/pages\/12\/revisions\/123"}],"up":[{"embeddable":true,"href":"https:\/\/www.boesch-dages.de\/index.php\/wp-json\/wp\/v2\/pages\/8"}],"wp:attachment":[{"href":"https:\/\/www.boesch-dages.de\/index.php\/wp-json\/wp\/v2\/media?parent=12"}],"curies":[{"name":"wp","href":"https:\/\/api.w.org\/{rel}","templated":true}]}}