{"id":10,"date":"2017-12-01T14:23:02","date_gmt":"2017-12-01T13:23:02","guid":{"rendered":"https:\/\/www.boesch-dages.de\/?page_id=10"},"modified":"2023-05-21T21:44:47","modified_gmt":"2023-05-21T19:44:47","slug":"bewertungsanlaesse","status":"publish","type":"page","link":"https:\/\/www.boesch-dages.de\/index.php\/immobilienbewertung\/bewertungsanlaesse\/","title":{"rendered":"Bewertungsanl\u00e4sse"},"content":{"rendered":"<p>Wann sollte man einen Experten f\u00fcr Immobilienbewertungen hinzuziehen? Es gibt viele Gr\u00fcnde f\u00fcr die Inanspruchnahme unserer Leistungen. Generell unterscheiden wir in private, betriebliche und \u00f6ffentliche Bewertungsanl\u00e4sse.<\/p>\n<table border=\"0\" cellspacing=\"0\" cellpadding=\"0\">\n<tbody>\n<tr>\n<td valign=\"top\" width=\"140\"><b>Privatkunden:<\/b><\/td>\n<td>\n<ul>\n<li>Anfall von Erbschafts- und Schenkungssteuer<\/li>\n<li>Nachweis des niedrigeren gemeinen Werts gem\u00e4\u00df \u00a7 198 BewG<\/li>\n<li>Erbauseinandersetzungen<\/li>\n<li>Betreuungen und Pflegschaften<\/li>\n<li>Ehescheidungen und Aufhebung der Lebenspartnerschaft<\/li>\n<li>Nachlassregelungen<\/li>\n<li>Testamentsvollstreckungen<\/li>\n<li>Finanzierung<\/li>\n<li>Bewertung von Rechten und Belastungen (Nie\u00dfbrauch, Wohnrecht usw)<\/li>\n<li>An- und Verkauf von Wohnimmobilien<\/li>\n<\/ul>\n<\/td>\n<\/tr>\n<tr>\n<td valign=\"top\" width=\"140\"><b>Firmenkunden:<\/b><\/td>\n<td>\n<ul>\n<li>Entnahme aus dem Betriebsverm\u00f6gen<\/li>\n<li>Firmen\u00fcbertragungen<\/li>\n<li>Anfall von Erbschafts- und Schenkungssteuer<\/li>\n<li>Nachweis des niedrigeren gemeinen Werts gem\u00e4\u00df \u00a7 198 BewG<\/li>\n<li>Umwandlung der Rechtsform<\/li>\n<li>Finanzierung und Rating<\/li>\n<li>Portfoliobewertungen<\/li>\n<li>An- und Verkauf von Gewerbeimmobilien<\/li>\n<\/ul>\n<\/td>\n<\/tr>\n<tr>\n<td valign=\"top\" width=\"140\"><b>Kommunen:<\/b><\/td>\n<td>\n<ul>\n<li>Bewertung im Rahmen f\u00f6rmlich festgelegter Sanierungsgebiete<\/li>\n<li>Sanierungsbedingte Bodenwerterh\u00f6hung<\/li>\n<li>Gutachten zur Ermittlung von Restwertentsch\u00e4digungen<\/li>\n<li>An- und Verkauf von Immobilienbest\u00e4nden der \u00f6ffentlichen Hand<\/li>\n<\/ul>\n<\/td>\n<\/tr>\n<tr>\n<td valign=\"top\" width=\"140\"><b>Gerichtliche Gutachten:<\/b><\/td>\n<td>\n<ul>\n<li>Ehescheidungsverfahren<\/li>\n<li>Aufhebung der Lebenspartnerschaft<\/li>\n<li>Erbstreitigkeiten<\/li>\n<li>Pflichtteilsanspr\u00fcche<\/li>\n<li>Sonstige gerichtliche Auseinandersetzungen<\/li>\n<\/ul>\n<\/td>\n<\/tr>\n<\/tbody>\n<\/table>","protected":false},"excerpt":{"rendered":"<p>Wann sollte man einen Experten f\u00fcr Immobilienbewertungen hinzuziehen? Es gibt viele Gr\u00fcnde f\u00fcr die Inanspruchnahme unserer Leistungen. Generell unterscheiden wir in private, betriebliche und \u00f6ffentliche Bewertungsanl\u00e4sse. Privatkunden: Anfall von Erbschafts- und Schenkungssteuer Nachweis des niedrigeren gemeinen Werts gem\u00e4\u00df \u00a7 198 BewG Erbauseinandersetzungen Betreuungen und Pflegschaften Ehescheidungen und Aufhebung der Lebenspartnerschaft Nachlassregelungen Testamentsvollstreckungen Finanzierung Bewertung von&#8230;<\/p>\n","protected":false},"author":1,"featured_media":0,"parent":8,"menu_order":0,"comment_status":"closed","ping_status":"closed","template":"","meta":{"footnotes":""},"class_list":["post-10","page","type-page","status-publish","hentry"],"_links":{"self":[{"href":"https:\/\/www.boesch-dages.de\/index.php\/wp-json\/wp\/v2\/pages\/10","targetHints":{"allow":["GET"]}}],"collection":[{"href":"https:\/\/www.boesch-dages.de\/index.php\/wp-json\/wp\/v2\/pages"}],"about":[{"href":"https:\/\/www.boesch-dages.de\/index.php\/wp-json\/wp\/v2\/types\/page"}],"author":[{"embeddable":true,"href":"https:\/\/www.boesch-dages.de\/index.php\/wp-json\/wp\/v2\/users\/1"}],"replies":[{"embeddable":true,"href":"https:\/\/www.boesch-dages.de\/index.php\/wp-json\/wp\/v2\/comments?post=10"}],"version-history":[{"count":10,"href":"https:\/\/www.boesch-dages.de\/index.php\/wp-json\/wp\/v2\/pages\/10\/revisions"}],"predecessor-version":[{"id":307,"href":"https:\/\/www.boesch-dages.de\/index.php\/wp-json\/wp\/v2\/pages\/10\/revisions\/307"}],"up":[{"embeddable":true,"href":"https:\/\/www.boesch-dages.de\/index.php\/wp-json\/wp\/v2\/pages\/8"}],"wp:attachment":[{"href":"https:\/\/www.boesch-dages.de\/index.php\/wp-json\/wp\/v2\/media?parent=10"}],"curies":[{"name":"wp","href":"https:\/\/api.w.org\/{rel}","templated":true}]}}